{"id":1482,"date":"2017-10-16T13:40:08","date_gmt":"2017-10-16T13:40:08","guid":{"rendered":"http:\/\/esmarts.elated-themes.com\/?page_id=1482"},"modified":"2025-11-03T10:05:40","modified_gmt":"2025-11-03T10:05:40","slug":"geschichte","status":"publish","type":"page","link":"https:\/\/frauenhelfenfrauenhelfen.at\/?page_id=1482","title":{"rendered":"Geschichte"},"content":{"rendered":"<section class=\"wpb-content-wrapper\"><p>[vc_row row_content_width=&#8220;grid&#8220; css=&#8220;.vc_custom_1590497286178{margin-top: 0px !important;border-top-width: 100px !important;border-bottom-width: 50px !important;padding-top: px !important;padding-bottom: 10px !important;background-color: #ffffff !important;border-top-color: #ffffff !important;border-bottom-color: #ffffff !important;}&#8220; simple_background_color=&#8220;#ffffff&#8220;][vc_column][vc_custom_heading text=&#8220;\u201eDie Frau und ihre Wohnung\u201c&#8220; font_container=&#8220;tag:h3|text_align:left&#8220; google_fonts=&#8220;font_family:Montserrat%3Aregular%2C700|font_style:700%20bold%20regular%3A700%3Anormal&#8220; css=&#8220;.vc_custom_1590497352489{padding-top: 50px !important;padding-right: 40px !important;padding-left: 40px !important;}&#8220;][vc_column_text css=&#8220;.vc_custom_1590497308057{border-top-width: 0px !important;padding-right: 40px !important;padding-bottom: 0px !important;padding-left: 40px !important;}&#8220;]<\/p>\n<p class=\"p1\"><span class=\"s1\">Genaugenommen beginnt unsere Tradition in den sp\u00e4ten 50er Jahren, als die beiden beherzten Wiener Sozialdemokratinnen den Bedarf an der Unterst\u00fctzung von Frauen bei ihrer Familienarbeit erkannten. Sie gr\u00fcndeten 1958 den Verein \u201eDie Frau und ihre Wohnung\u201c, ein Name, der dem Verein bis zur Umbenennung in \u201eSozial Global\u201c im Jahr 2001 erhalten blieb. <\/span><\/p>\n<p>[\/vc_column_text][vc_empty_space][vc_row_inner css=&#8220;.vc_custom_1590497160310{background-color: #ffffff !important;}&#8220;][vc_column_inner width=&#8220;1\/2&#8243; css=&#8220;.vc_custom_1590495862221{padding-right: 50px !important;padding-left: 50px !important;background-color: #ffffff !important;}&#8220;][vc_column_text]<\/p>\n<h4><span class=\"s1\"><b>Die 1950er Jahre:<br \/>\n<\/b><\/span><span class=\"s1\"><b>\u201eFrauensache\u201c Haushalt<\/b><\/span><\/h4>\n<p>[\/vc_column_text][vc_column_text]<\/p>\n<p class=\"p1\"><span class=\"s1\">Wie es dem Zeitgeist entsprach, fokussierte der Verein zun\u00e4chst auf die Frau in ihrer Rolle als Hausfrau und Mutter. Das Hilfsangebot drehte sich noch um Haushaltsfragen: Pflege der Wohnung, Sicherheitsfragen, besondere Bed\u00fcrfnisse von \u201einvaliden oder k\u00f6rperbehinderten Frauen\u201c. Doch je n\u00e4her die freiwilligen Helferinnen den Frauen und ihren Problemen kamen, desto mehr kristallisierte sich f\u00fcr sie der Bedarf an regelm\u00e4\u00dfigen Heimhelferinnen heraus. <\/span><\/p>\n<p>[\/vc_column_text][vc_empty_space height=&#8220;50px&#8220;][\/vc_column_inner][vc_column_inner width=&#8220;1\/2&#8243; css=&#8220;.vc_custom_1590495873455{padding-right: 50px !important;padding-left: 50px !important;background-color: #ffffff !important;}&#8220;][vc_column_text]<\/p>\n<h4 class=\"p1\"><span class=\"s1\"><b>Die 1960er Jahre:<br \/>\nHeimhilfen und Essen auf R\u00e4dern <\/b><\/span><\/h4>\n<p>[\/vc_column_text][vc_column_text]<\/p>\n<p class=\"p1\"><span class=\"s1\">Im Jahr 1964 schlie\u00dflich startete der Verein mit einem <b>Kurs f\u00fcr 16 Heimhelferinnen<\/b>, die bald als Angestellte des Vereins kinderreiche, alleinerziehende oder \u00e4ltere Frauen regelm\u00e4\u00dfig unterst\u00fctzten. Der Erfolg war so gro\u00df, dass sich binnen eines Jahrzehnts die Anzahl der vom Verein angestellten Heimhelferinnen mehr als verf\u00fcnffachten. <\/span><\/p>\n<p class=\"p1\"><span class=\"s1\">1968 gr\u00fcndete der Verein mit \u201eEssen auf R\u00e4dern\u201c einen Mittagessen-Zustelldienst \u2013 eine K\u00f6nigsidee, die binnen k\u00fcrzester Zeit einen wahren Boom erlebte. Schon 1971 besch\u00e4ftigte der Verein 120 MitarbeiterInnen, die t\u00e4glich 870 Essen auslieferten.<\/span><\/p>\n<p>[\/vc_column_text][vc_empty_space height=&#8220;50px&#8220;][\/vc_column_inner][\/vc_row_inner][vc_row_inner][vc_column_inner width=&#8220;1\/2&#8243; css=&#8220;.vc_custom_1590497041261{padding-right: 50px !important;padding-left: 50px !important;background-color: #ffffff !important;}&#8220;][vc_column_text]<\/p>\n<p>&nbsp;<\/p>\n<h4 class=\"p1\"><span class=\"s1\"><b>Die 1970er Jahre:<br \/>\nProfessionalisierung der \u201eFrauenarbeit\u201c<\/b><\/span><\/h4>\n<h4 class=\"p1\"><\/h4>\n<p>[\/vc_column_text][vc_column_text]<\/p>\n<p class=\"p1\"><span class=\"s1\">Mit der \u00dcbernahme der Vereinsgesch\u00e4fte durch Johanna Dohnal im Jahr 1972 wurden weitere neue Akzente gesetzt. <\/span><\/p>\n<p class=\"p1\"><span class=\"s1\"><b>Der \u201eBesuchsdienst\u201c<\/b> brachte Linderung f\u00fcr die zunehmende Vereinsamung von alten und behinderten Menschen. <\/span><\/p>\n<p class=\"p1\"><span class=\"s1\"><b>Der \u201eReinigungsdienst\u201c<\/b> \u00fcbernahm k\u00f6rperlich schwere Hausarbeiten und entlastete so viele chronisch kranke oder \u00fcberforderte Frauen und Familien.<\/span><\/p>\n<p class=\"p1\"><span class=\"s1\">Neben dem Sinn f\u00fcrs Praktische und Notwendige lenkte Johanna Dohnal ihre Aufmerksamkeit auch auf die Aufwertung dieser \u201etypischen\u201c Frauenberufe \u2013 durch die laufende Verbesserung der Ausbildung und gute Bezahlung.<\/span><\/p>\n<p>[\/vc_column_text][vc_empty_space height=&#8220;100px&#8220;][\/vc_column_inner][\/vc_row_inner][vc_row_inner css=&#8220;.vc_custom_1590498192616{border-right-width: 20px !important;border-left-width: 20px !important;background-color: #e97357 !important;}&#8220;][vc_column_inner width=&#8220;1\/2&#8243; css=&#8220;.vc_custom_1590497041261{padding-right: 50px !important;padding-left: 50px !important;background-color: #ffffff !important;}&#8220;][vc_column_text]<\/p>\n<h4 class=\"p1\"><span class=\"s1\"><b>2001 bis heute:<br \/>\nSozial Global geht mit der Zeit <\/b><\/span><\/h4>\n<p>[\/vc_column_text][vc_column_text]<\/p>\n<p class=\"p1\"><span class=\"s1\">Seit seiner Umbenennung im Jahr 2001 hat der Verein nichts an seiner urspr\u00fcnglichen Bedeutung verloren. Es sind noch immer die Armen und Schwachen, die in ihrem Alltag unterst\u00fctzt und betreut werden. Nur haben sich die Aufgaben ein wenig ver\u00e4ndert und neue sind dazugekommen, wie zum Beispiel \u201eTerra\u201c, die Beratungsstelle f\u00fcr \u00e4ltere MigrantInnen. <\/span><\/p>\n<p>[\/vc_column_text][vc_empty_space height=&#8220;50px&#8220;][\/vc_column_inner][vc_column_inner width=&#8220;1\/2&#8243; css=&#8220;.vc_custom_1590498218729{padding-right: 50px !important;padding-left: 50px !important;background-color: #e97357 !important;}&#8220;][vc_column_text]<\/p>\n<h4 class=\"p1\"><strong><span class=\"s1\">Was bringt die Zukunft?<\/span><\/strong><\/h4>\n<h4 class=\"p1\"><\/h4>\n<p>[\/vc_column_text][vc_column_text]<\/p>\n<h5 class=\"p1\"><span class=\"s1\">In Zukunft sehen wir uns immer noch da, wo wir vor \u00fcber 60 Jahren begonnen haben: Bei den Menschen und ihren Bed\u00fcrfnissen, N\u00f6ten und Sorgen. Wir bleiben dran und helfen weiter! <\/span><\/h5>\n<p>[\/vc_column_text][vc_empty_space height=&#8220;50px&#8220;][\/vc_column_inner][\/vc_row_inner][\/vc_column][\/vc_row][vc_row simple_background_color=&#8220;#ffffff&#8220;][vc_column][vc_empty_space height=&#8220;150&#8243;][\/vc_column][\/vc_row]<\/p>\n<\/section>","protected":false},"excerpt":{"rendered":"<p>[vc_row row_content_width=&#8220;grid&#8220; css=&#8220;.vc_custom_1590497286178{margin-top: 0px !important;border-top-width: 100px !important;border-bottom-width: 50px !important;padding-top: px !important;padding-bottom: 10px !important;background-color: #ffffff !important;border-top-color: #ffffff !important;border-bottom-color: #ffffff !important;}&#8220; simple_background_color=&#8220;#ffffff&#8220;][vc_column][vc_custom_heading text=&#8220;\u201eDie Frau und ihre Wohnung\u201c&#8220; font_container=&#8220;tag:h3|text_align:left&#8220; google_fonts=&#8220;font_family:Montserrat%3Aregular%2C700|font_style:700%20bold%20regular%3A700%3Anormal&#8220; css=&#8220;.vc_custom_1590497352489{padding-top: 50px !important;padding-right: 40px !important;padding-left: 40px !important;}&#8220;][vc_column_text css=&#8220;.vc_custom_1590497308057{border-top-width: 0px !important;padding-right: 40px !important;padding-bottom: 0px [&hellip;]<\/p>\n","protected":false},"author":1,"featured_media":0,"parent":0,"menu_order":0,"comment_status":"closed","ping_status":"closed","template":"full-width.php","meta":{"footnotes":""},"class_list":["post-1482","page","type-page","status-publish","hentry"],"_links":{"self":[{"href":"https:\/\/frauenhelfenfrauenhelfen.at\/index.php?rest_route=\/wp\/v2\/pages\/1482","targetHints":{"allow":["GET"]}}],"collection":[{"href":"https:\/\/frauenhelfenfrauenhelfen.at\/index.php?rest_route=\/wp\/v2\/pages"}],"about":[{"href":"https:\/\/frauenhelfenfrauenhelfen.at\/index.php?rest_route=\/wp\/v2\/types\/page"}],"author":[{"embeddable":true,"href":"https:\/\/frauenhelfenfrauenhelfen.at\/index.php?rest_route=\/wp\/v2\/users\/1"}],"replies":[{"embeddable":true,"href":"https:\/\/frauenhelfenfrauenhelfen.at\/index.php?rest_route=%2Fwp%2Fv2%2Fcomments&post=1482"}],"version-history":[{"count":59,"href":"https:\/\/frauenhelfenfrauenhelfen.at\/index.php?rest_route=\/wp\/v2\/pages\/1482\/revisions"}],"predecessor-version":[{"id":13278,"href":"https:\/\/frauenhelfenfrauenhelfen.at\/index.php?rest_route=\/wp\/v2\/pages\/1482\/revisions\/13278"}],"wp:attachment":[{"href":"https:\/\/frauenhelfenfrauenhelfen.at\/index.php?rest_route=%2Fwp%2Fv2%2Fmedia&parent=1482"}],"curies":[{"name":"wp","href":"https:\/\/api.w.org\/{rel}","templated":true}]}}